{"id":68,"date":"2026-02-24T13:28:58","date_gmt":"2026-02-24T13:28:58","guid":{"rendered":"https:\/\/cenabetguncel.com\/tr\/kullanim-kosullari\/"},"modified":"2026-02-24T13:28:58","modified_gmt":"2026-02-24T13:28:58","slug":"kullanim-kosullari","status":"publish","type":"page","link":"https:\/\/cenabetguncel.com\/tr\/kullanim-kosullari\/","title":{"rendered":"Kullan\u0131m Ko\u015fullar\u0131"},"content":{"rendered":"<h2>Kullan\u0131m Ko\u015fullar\u0131<\/h2>\n<p><strong>Cenabetguncel.com<\/strong> kullan\u0131m\u0131 bu ko\u015fullara tabidir.<\/p>\n<h3>Genel<\/h3>\n<p>\u0130\u00e7erikler bilgilendirme ama\u00e7l\u0131d\u0131r; yerel mevzuata uyum kullan\u0131c\u0131 sorumlulu\u011fundad\u0131r.<\/p>\n<h3>K\u0131s\u0131tlamalar<\/h3>\n<p>Otomatik veri toplama ve sisteme m\u00fcdahale yasakt\u0131r.<\/p>\n<h3>Telif<\/h3>\n<p>Site i\u00e7eri\u011fi Cenabetguncel.com ile ili\u015fkilidir.<\/p>\n<p><em>2026.<\/em><\/p>\n","protected":false},"excerpt":{"rendered":"<p>Kullan\u0131m Ko\u015fullar\u0131 Cenabetguncel.com kullan\u0131m\u0131 bu ko\u015fullara tabidir. Genel \u0130\u00e7erikler bilgilendirme ama\u00e7l\u0131d\u0131r; yerel mevzuata uyum kullan\u0131c\u0131 sorumlulu\u011fundad\u0131r. K\u0131s\u0131tlamalar Otomatik veri toplama ve sisteme m\u00fcdahale yasakt\u0131r. Telif Site i\u00e7eri\u011fi Cenabetguncel.com ile ili\u015fkilidir. 2026.<\/p>\n","protected":false},"author":0,"featured_media":0,"parent":0,"menu_order":0,"comment_status":"closed","ping_status":"closed","template":"","meta":{"footnotes":""},"class_list":["post-68","page","type-page","status-publish",""],"yoast_head":"<!-- This site is optimized with the Yoast SEO plugin v27.0 - https:\/\/yoast.com\/product\/yoast-seo-wordpress\/ -->\n<title>Kullan\u0131m Ko\u015fullar\u0131<\/title>\n<meta name=\"robots\" content=\"index, follow, max-snippet:-1, max-image-preview:large, max-video-preview:-1\" \/>\n<link rel=\"canonical\" href=\"https:\/\/cenabetguncel.com\/tr\/kullanim-kosullari\/\" \/>\n<meta property=\"og:locale\" content=\"tr_TR\" \/>\n<meta property=\"og:type\" content=\"article\" \/>\n<meta property=\"og:title\" content=\"Kullan\u0131m Ko\u015fullar\u0131\" \/>\n<meta property=\"og:description\" content=\"Kullan\u0131m Ko\u015fullar\u0131 Cenabetguncel.com kullan\u0131m\u0131 bu ko\u015fullara tabidir. Genel \u0130\u00e7erikler bilgilendirme ama\u00e7l\u0131d\u0131r; yerel mevzuata uyum kullan\u0131c\u0131 sorumlulu\u011fundad\u0131r. K\u0131s\u0131tlamalar Otomatik veri toplama ve sisteme m\u00fcdahale yasakt\u0131r. Telif Site i\u00e7eri\u011fi Cenabetguncel.com ile ili\u015fkilidir. 2026.\" \/>\n<meta property=\"og:url\" content=\"https:\/\/cenabetguncel.com\/tr\/kullanim-kosullari\/\" \/>\n<meta property=\"og:site_name\" content=\"Cenabet G\u00fcncel Giri\u015f\" \/>\n<meta property=\"og:image\" content=\"https:\/\/cenabetguncel.com\/tr\/wp-content\/uploads\/2024\/07\/CenaBetLogoY.webp\" \/>\n\t<meta property=\"og:image:width\" content=\"1200\" \/>\n\t<meta property=\"og:image:height\" content=\"675\" \/>\n\t<meta property=\"og:image:type\" content=\"image\/webp\" \/>\n<meta name=\"twitter:card\" content=\"summary_large_image\" \/>\n<meta name=\"twitter:site\" content=\"@Cenabetcom\" \/>\n<script type=\"application\/ld+json\" class=\"yoast-schema-graph\">{\"@context\":\"https:\/\/schema.org\",\"@graph\":[{\"@type\":\"WebPage\",\"@id\":\"https:\/\/cenabetguncel.com\/tr\/kullanim-kosullari\/\",\"url\":\"https:\/\/cenabetguncel.com\/tr\/kullanim-kosullari\/\",\"name\":\"Kullan\u0131m Ko\u015fullar\u0131\",\"isPartOf\":{\"@id\":\"https:\/\/cenabetguncel.com\/tr\/#website\"},\"datePublished\":\"2026-02-24T13:28:58+00:00\",\"breadcrumb\":{\"@id\":\"https:\/\/cenabetguncel.com\/tr\/kullanim-kosullari\/#breadcrumb\"},\"inLanguage\":\"tr\",\"potentialAction\":[{\"@type\":\"ReadAction\",\"target\":[\"https:\/\/cenabetguncel.com\/tr\/kullanim-kosullari\/\"]}]},{\"@type\":\"BreadcrumbList\",\"@id\":\"https:\/\/cenabetguncel.com\/tr\/kullanim-kosullari\/#breadcrumb\",\"itemListElement\":[{\"@type\":\"ListItem\",\"position\":1,\"name\":\"Anasayfa\",\"item\":\"https:\/\/cenabetguncel.com\/tr\/\"},{\"@type\":\"ListItem\",\"position\":2,\"name\":\"Kullan\u0131m Ko\u015fullar\u0131\"}]},{\"@type\":\"WebSite\",\"@id\":\"https:\/\/cenabetguncel.com\/tr\/#website\",\"url\":\"https:\/\/cenabetguncel.com\/tr\/\",\"name\":\"Cenabet G\u00fcncel Giri\u015f\",\"description\":\"\",\"publisher\":{\"@id\":\"https:\/\/cenabetguncel.com\/tr\/#organization\"},\"alternateName\":\"Cenabet Giri\u015f\",\"potentialAction\":[{\"@type\":\"SearchAction\",\"target\":{\"@type\":\"EntryPoint\",\"urlTemplate\":\"https:\/\/cenabetguncel.com\/tr\/?s={search_term_string}\"},\"query-input\":{\"@type\":\"PropertyValueSpecification\",\"valueRequired\":true,\"valueName\":\"search_term_string\"}}],\"inLanguage\":\"tr\"},{\"@type\":\"Organization\",\"@id\":\"https:\/\/cenabetguncel.com\/tr\/#organization\",\"name\":\"Cenabet G\u00fcncel Giri\u015f\",\"alternateName\":\"Cenabet\",\"url\":\"https:\/\/cenabetguncel.com\/tr\/\",\"logo\":{\"@type\":\"ImageObject\",\"inLanguage\":\"tr\",\"@id\":\"https:\/\/cenabetguncel.com\/tr\/#\/schema\/logo\/image\/\",\"url\":\"https:\/\/cenabetguncel.com\/wp-content\/uploads\/2024\/07\/CenaBetLogoK.webp\",\"contentUrl\":\"https:\/\/cenabetguncel.com\/wp-content\/uploads\/2024\/07\/CenaBetLogoK.webp\",\"width\":696,\"height\":696,\"caption\":\"Cenabet G\u00fcncel Giri\u015f\"},\"image\":{\"@id\":\"https:\/\/cenabetguncel.com\/tr\/#\/schema\/logo\/image\/\"},\"sameAs\":[\"https:\/\/x.com\/Cenabetcom\",\"https:\/\/www.instagram.com\/cenabetofficial\/\"]}]}<\/script>\n<!-- \/ Yoast SEO plugin. -->","yoast_head_json":{"title":"Kullan\u0131m Ko\u015fullar\u0131","robots":{"index":"index","follow":"follow","max-snippet":"max-snippet:-1","max-image-preview":"max-image-preview:large","max-video-preview":"max-video-preview:-1"},"canonical":"https:\/\/cenabetguncel.com\/tr\/kullanim-kosullari\/","og_locale":"tr_TR","og_type":"article","og_title":"Kullan\u0131m Ko\u015fullar\u0131","og_description":"Kullan\u0131m Ko\u015fullar\u0131 Cenabetguncel.com kullan\u0131m\u0131 bu ko\u015fullara tabidir. Genel \u0130\u00e7erikler bilgilendirme ama\u00e7l\u0131d\u0131r; yerel mevzuata uyum kullan\u0131c\u0131 sorumlulu\u011fundad\u0131r. K\u0131s\u0131tlamalar Otomatik veri toplama ve sisteme m\u00fcdahale yasakt\u0131r. Telif Site i\u00e7eri\u011fi Cenabetguncel.com ile ili\u015fkilidir. 2026.","og_url":"https:\/\/cenabetguncel.com\/tr\/kullanim-kosullari\/","og_site_name":"Cenabet G\u00fcncel Giri\u015f","og_image":[{"width":1200,"height":675,"url":"https:\/\/cenabetguncel.com\/tr\/wp-content\/uploads\/2024\/07\/CenaBetLogoY.webp","type":"image\/webp"}],"twitter_card":"summary_large_image","twitter_site":"@Cenabetcom","schema":{"@context":"https:\/\/schema.org","@graph":[{"@type":"WebPage","@id":"https:\/\/cenabetguncel.com\/tr\/kullanim-kosullari\/","url":"https:\/\/cenabetguncel.com\/tr\/kullanim-kosullari\/","name":"Kullan\u0131m Ko\u015fullar\u0131","isPartOf":{"@id":"https:\/\/cenabetguncel.com\/tr\/#website"},"datePublished":"2026-02-24T13:28:58+00:00","breadcrumb":{"@id":"https:\/\/cenabetguncel.com\/tr\/kullanim-kosullari\/#breadcrumb"},"inLanguage":"tr","potentialAction":[{"@type":"ReadAction","target":["https:\/\/cenabetguncel.com\/tr\/kullanim-kosullari\/"]}]},{"@type":"BreadcrumbList","@id":"https:\/\/cenabetguncel.com\/tr\/kullanim-kosullari\/#breadcrumb","itemListElement":[{"@type":"ListItem","position":1,"name":"Anasayfa","item":"https:\/\/cenabetguncel.com\/tr\/"},{"@type":"ListItem","position":2,"name":"Kullan\u0131m Ko\u015fullar\u0131"}]},{"@type":"WebSite","@id":"https:\/\/cenabetguncel.com\/tr\/#website","url":"https:\/\/cenabetguncel.com\/tr\/","name":"Cenabet G\u00fcncel Giri\u015f","description":"","publisher":{"@id":"https:\/\/cenabetguncel.com\/tr\/#organization"},"alternateName":"Cenabet Giri\u015f","potentialAction":[{"@type":"SearchAction","target":{"@type":"EntryPoint","urlTemplate":"https:\/\/cenabetguncel.com\/tr\/?s={search_term_string}"},"query-input":{"@type":"PropertyValueSpecification","valueRequired":true,"valueName":"search_term_string"}}],"inLanguage":"tr"},{"@type":"Organization","@id":"https:\/\/cenabetguncel.com\/tr\/#organization","name":"Cenabet G\u00fcncel Giri\u015f","alternateName":"Cenabet","url":"https:\/\/cenabetguncel.com\/tr\/","logo":{"@type":"ImageObject","inLanguage":"tr","@id":"https:\/\/cenabetguncel.com\/tr\/#\/schema\/logo\/image\/","url":"https:\/\/cenabetguncel.com\/wp-content\/uploads\/2024\/07\/CenaBetLogoK.webp","contentUrl":"https:\/\/cenabetguncel.com\/wp-content\/uploads\/2024\/07\/CenaBetLogoK.webp","width":696,"height":696,"caption":"Cenabet G\u00fcncel Giri\u015f"},"image":{"@id":"https:\/\/cenabetguncel.com\/tr\/#\/schema\/logo\/image\/"},"sameAs":["https:\/\/x.com\/Cenabetcom","https:\/\/www.instagram.com\/cenabetofficial\/"]}]}},"_links":{"self":[{"href":"https:\/\/cenabetguncel.com\/tr\/wp-json\/wp\/v2\/pages\/68","targetHints":{"allow":["GET"]}}],"collection":[{"href":"https:\/\/cenabetguncel.com\/tr\/wp-json\/wp\/v2\/pages"}],"about":[{"href":"https:\/\/cenabetguncel.com\/tr\/wp-json\/wp\/v2\/types\/page"}],"replies":[{"embeddable":true,"href":"https:\/\/cenabetguncel.com\/tr\/wp-json\/wp\/v2\/comments?post=68"}],"version-history":[{"count":0,"href":"https:\/\/cenabetguncel.com\/tr\/wp-json\/wp\/v2\/pages\/68\/revisions"}],"wp:attachment":[{"href":"https:\/\/cenabetguncel.com\/tr\/wp-json\/wp\/v2\/media?parent=68"}],"curies":[{"name":"wp","href":"https:\/\/api.w.org\/{rel}","templated":true}]}}