{"id":67,"date":"2026-02-24T13:28:57","date_gmt":"2026-02-24T13:28:57","guid":{"rendered":"https:\/\/cenabetguncel.com\/tr\/gizlilik-politikasi\/"},"modified":"2026-02-24T13:28:57","modified_gmt":"2026-02-24T13:28:57","slug":"gizlilik-politikasi","status":"publish","type":"page","link":"https:\/\/cenabetguncel.com\/tr\/gizlilik-politikasi\/","title":{"rendered":"Gizlilik Politikas\u0131"},"content":{"rendered":"<h2>Gizlilik Politikas\u0131<\/h2>\n<p><strong>Cenabetguncel.com<\/strong> g\u00fcncel adres bilgisi kapsam\u0131nda ziyaret\u00e7i verileri korunur. Bu sayfa toplanan verileri ve kullan\u0131m ama\u00e7lar\u0131n\u0131 a\u00e7\u0131klar.<\/p>\n<h3>Veri Toplama<\/h3>\n<p>Teknik loglar (IP, cihaz, oturum) g\u00fcvenlik ve performans amac\u0131yla tutulabilir.<\/p>\n<h3>\u00c7erezler<\/h3>\n<p>Site \u00e7erezleri tercih ve oturum y\u00f6netimi i\u00e7in kullan\u0131labilir.<\/p>\n<h3>Payla\u015f\u0131m<\/h3>\n<p>Ki\u015fisel veriler yasal zorunluluk d\u0131\u015f\u0131nda \u00fc\u00e7\u00fcnc\u00fc taraflara verilmez.<\/p>\n<p><em>2026.<\/em><\/p>\n","protected":false},"excerpt":{"rendered":"<p>Gizlilik Politikas\u0131 Cenabetguncel.com g\u00fcncel adres bilgisi kapsam\u0131nda ziyaret\u00e7i verileri korunur. Bu sayfa toplanan verileri ve kullan\u0131m ama\u00e7lar\u0131n\u0131 a\u00e7\u0131klar. Veri Toplama Teknik loglar (IP, cihaz, oturum) g\u00fcvenlik ve performans amac\u0131yla tutulabilir. \u00c7erezler Site \u00e7erezleri tercih ve oturum y\u00f6netimi i\u00e7in kullan\u0131labilir. Payla\u015f\u0131m Ki\u015fisel veriler yasal zorunluluk d\u0131\u015f\u0131nda \u00fc\u00e7\u00fcnc\u00fc taraflara verilmez. 2026.<\/p>\n","protected":false},"author":0,"featured_media":0,"parent":0,"menu_order":0,"comment_status":"closed","ping_status":"closed","template":"","meta":{"footnotes":""},"class_list":["post-67","page","type-page","status-publish",""],"yoast_head":"<!-- This site is optimized with the Yoast SEO plugin v27.0 - https:\/\/yoast.com\/product\/yoast-seo-wordpress\/ -->\n<title>Gizlilik Politikas\u0131<\/title>\n<meta name=\"robots\" content=\"index, follow, max-snippet:-1, max-image-preview:large, max-video-preview:-1\" \/>\n<link rel=\"canonical\" href=\"https:\/\/cenabetguncel.com\/tr\/gizlilik-politikasi\/\" \/>\n<meta property=\"og:locale\" content=\"tr_TR\" \/>\n<meta property=\"og:type\" content=\"article\" \/>\n<meta property=\"og:title\" content=\"Gizlilik Politikas\u0131\" \/>\n<meta property=\"og:description\" content=\"Gizlilik Politikas\u0131 Cenabetguncel.com g\u00fcncel adres bilgisi kapsam\u0131nda ziyaret\u00e7i verileri korunur. Bu sayfa toplanan verileri ve kullan\u0131m ama\u00e7lar\u0131n\u0131 a\u00e7\u0131klar. Veri Toplama Teknik loglar (IP, cihaz, oturum) g\u00fcvenlik ve performans amac\u0131yla tutulabilir. \u00c7erezler Site \u00e7erezleri tercih ve oturum y\u00f6netimi i\u00e7in kullan\u0131labilir. Payla\u015f\u0131m Ki\u015fisel veriler yasal zorunluluk d\u0131\u015f\u0131nda \u00fc\u00e7\u00fcnc\u00fc taraflara verilmez. 2026.\" \/>\n<meta property=\"og:url\" content=\"https:\/\/cenabetguncel.com\/tr\/gizlilik-politikasi\/\" \/>\n<meta property=\"og:site_name\" content=\"Cenabet G\u00fcncel Giri\u015f\" \/>\n<meta property=\"og:image\" content=\"https:\/\/cenabetguncel.com\/tr\/wp-content\/uploads\/2024\/07\/CenaBetLogoY.webp\" \/>\n\t<meta property=\"og:image:width\" content=\"1200\" \/>\n\t<meta property=\"og:image:height\" content=\"675\" \/>\n\t<meta property=\"og:image:type\" content=\"image\/webp\" \/>\n<meta name=\"twitter:card\" content=\"summary_large_image\" \/>\n<meta name=\"twitter:site\" content=\"@Cenabetcom\" \/>\n<script type=\"application\/ld+json\" class=\"yoast-schema-graph\">{\"@context\":\"https:\/\/schema.org\",\"@graph\":[{\"@type\":\"WebPage\",\"@id\":\"https:\/\/cenabetguncel.com\/tr\/gizlilik-politikasi\/\",\"url\":\"https:\/\/cenabetguncel.com\/tr\/gizlilik-politikasi\/\",\"name\":\"Gizlilik Politikas\u0131\",\"isPartOf\":{\"@id\":\"https:\/\/cenabetguncel.com\/tr\/#website\"},\"datePublished\":\"2026-02-24T13:28:57+00:00\",\"breadcrumb\":{\"@id\":\"https:\/\/cenabetguncel.com\/tr\/gizlilik-politikasi\/#breadcrumb\"},\"inLanguage\":\"tr\",\"potentialAction\":[{\"@type\":\"ReadAction\",\"target\":[\"https:\/\/cenabetguncel.com\/tr\/gizlilik-politikasi\/\"]}]},{\"@type\":\"BreadcrumbList\",\"@id\":\"https:\/\/cenabetguncel.com\/tr\/gizlilik-politikasi\/#breadcrumb\",\"itemListElement\":[{\"@type\":\"ListItem\",\"position\":1,\"name\":\"Anasayfa\",\"item\":\"https:\/\/cenabetguncel.com\/tr\/\"},{\"@type\":\"ListItem\",\"position\":2,\"name\":\"Gizlilik Politikas\u0131\"}]},{\"@type\":\"WebSite\",\"@id\":\"https:\/\/cenabetguncel.com\/tr\/#website\",\"url\":\"https:\/\/cenabetguncel.com\/tr\/\",\"name\":\"Cenabet G\u00fcncel Giri\u015f\",\"description\":\"\",\"publisher\":{\"@id\":\"https:\/\/cenabetguncel.com\/tr\/#organization\"},\"alternateName\":\"Cenabet Giri\u015f\",\"potentialAction\":[{\"@type\":\"SearchAction\",\"target\":{\"@type\":\"EntryPoint\",\"urlTemplate\":\"https:\/\/cenabetguncel.com\/tr\/?s={search_term_string}\"},\"query-input\":{\"@type\":\"PropertyValueSpecification\",\"valueRequired\":true,\"valueName\":\"search_term_string\"}}],\"inLanguage\":\"tr\"},{\"@type\":\"Organization\",\"@id\":\"https:\/\/cenabetguncel.com\/tr\/#organization\",\"name\":\"Cenabet G\u00fcncel Giri\u015f\",\"alternateName\":\"Cenabet\",\"url\":\"https:\/\/cenabetguncel.com\/tr\/\",\"logo\":{\"@type\":\"ImageObject\",\"inLanguage\":\"tr\",\"@id\":\"https:\/\/cenabetguncel.com\/tr\/#\/schema\/logo\/image\/\",\"url\":\"https:\/\/cenabetguncel.com\/wp-content\/uploads\/2024\/07\/CenaBetLogoK.webp\",\"contentUrl\":\"https:\/\/cenabetguncel.com\/wp-content\/uploads\/2024\/07\/CenaBetLogoK.webp\",\"width\":696,\"height\":696,\"caption\":\"Cenabet G\u00fcncel Giri\u015f\"},\"image\":{\"@id\":\"https:\/\/cenabetguncel.com\/tr\/#\/schema\/logo\/image\/\"},\"sameAs\":[\"https:\/\/x.com\/Cenabetcom\",\"https:\/\/www.instagram.com\/cenabetofficial\/\"]}]}<\/script>\n<!-- \/ Yoast SEO plugin. -->","yoast_head_json":{"title":"Gizlilik Politikas\u0131","robots":{"index":"index","follow":"follow","max-snippet":"max-snippet:-1","max-image-preview":"max-image-preview:large","max-video-preview":"max-video-preview:-1"},"canonical":"https:\/\/cenabetguncel.com\/tr\/gizlilik-politikasi\/","og_locale":"tr_TR","og_type":"article","og_title":"Gizlilik Politikas\u0131","og_description":"Gizlilik Politikas\u0131 Cenabetguncel.com g\u00fcncel adres bilgisi kapsam\u0131nda ziyaret\u00e7i verileri korunur. Bu sayfa toplanan verileri ve kullan\u0131m ama\u00e7lar\u0131n\u0131 a\u00e7\u0131klar. Veri Toplama Teknik loglar (IP, cihaz, oturum) g\u00fcvenlik ve performans amac\u0131yla tutulabilir. \u00c7erezler Site \u00e7erezleri tercih ve oturum y\u00f6netimi i\u00e7in kullan\u0131labilir. Payla\u015f\u0131m Ki\u015fisel veriler yasal zorunluluk d\u0131\u015f\u0131nda \u00fc\u00e7\u00fcnc\u00fc taraflara verilmez. 2026.","og_url":"https:\/\/cenabetguncel.com\/tr\/gizlilik-politikasi\/","og_site_name":"Cenabet G\u00fcncel Giri\u015f","og_image":[{"width":1200,"height":675,"url":"https:\/\/cenabetguncel.com\/tr\/wp-content\/uploads\/2024\/07\/CenaBetLogoY.webp","type":"image\/webp"}],"twitter_card":"summary_large_image","twitter_site":"@Cenabetcom","schema":{"@context":"https:\/\/schema.org","@graph":[{"@type":"WebPage","@id":"https:\/\/cenabetguncel.com\/tr\/gizlilik-politikasi\/","url":"https:\/\/cenabetguncel.com\/tr\/gizlilik-politikasi\/","name":"Gizlilik Politikas\u0131","isPartOf":{"@id":"https:\/\/cenabetguncel.com\/tr\/#website"},"datePublished":"2026-02-24T13:28:57+00:00","breadcrumb":{"@id":"https:\/\/cenabetguncel.com\/tr\/gizlilik-politikasi\/#breadcrumb"},"inLanguage":"tr","potentialAction":[{"@type":"ReadAction","target":["https:\/\/cenabetguncel.com\/tr\/gizlilik-politikasi\/"]}]},{"@type":"BreadcrumbList","@id":"https:\/\/cenabetguncel.com\/tr\/gizlilik-politikasi\/#breadcrumb","itemListElement":[{"@type":"ListItem","position":1,"name":"Anasayfa","item":"https:\/\/cenabetguncel.com\/tr\/"},{"@type":"ListItem","position":2,"name":"Gizlilik Politikas\u0131"}]},{"@type":"WebSite","@id":"https:\/\/cenabetguncel.com\/tr\/#website","url":"https:\/\/cenabetguncel.com\/tr\/","name":"Cenabet G\u00fcncel Giri\u015f","description":"","publisher":{"@id":"https:\/\/cenabetguncel.com\/tr\/#organization"},"alternateName":"Cenabet Giri\u015f","potentialAction":[{"@type":"SearchAction","target":{"@type":"EntryPoint","urlTemplate":"https:\/\/cenabetguncel.com\/tr\/?s={search_term_string}"},"query-input":{"@type":"PropertyValueSpecification","valueRequired":true,"valueName":"search_term_string"}}],"inLanguage":"tr"},{"@type":"Organization","@id":"https:\/\/cenabetguncel.com\/tr\/#organization","name":"Cenabet G\u00fcncel Giri\u015f","alternateName":"Cenabet","url":"https:\/\/cenabetguncel.com\/tr\/","logo":{"@type":"ImageObject","inLanguage":"tr","@id":"https:\/\/cenabetguncel.com\/tr\/#\/schema\/logo\/image\/","url":"https:\/\/cenabetguncel.com\/wp-content\/uploads\/2024\/07\/CenaBetLogoK.webp","contentUrl":"https:\/\/cenabetguncel.com\/wp-content\/uploads\/2024\/07\/CenaBetLogoK.webp","width":696,"height":696,"caption":"Cenabet G\u00fcncel Giri\u015f"},"image":{"@id":"https:\/\/cenabetguncel.com\/tr\/#\/schema\/logo\/image\/"},"sameAs":["https:\/\/x.com\/Cenabetcom","https:\/\/www.instagram.com\/cenabetofficial\/"]}]}},"_links":{"self":[{"href":"https:\/\/cenabetguncel.com\/tr\/wp-json\/wp\/v2\/pages\/67","targetHints":{"allow":["GET"]}}],"collection":[{"href":"https:\/\/cenabetguncel.com\/tr\/wp-json\/wp\/v2\/pages"}],"about":[{"href":"https:\/\/cenabetguncel.com\/tr\/wp-json\/wp\/v2\/types\/page"}],"replies":[{"embeddable":true,"href":"https:\/\/cenabetguncel.com\/tr\/wp-json\/wp\/v2\/comments?post=67"}],"version-history":[{"count":0,"href":"https:\/\/cenabetguncel.com\/tr\/wp-json\/wp\/v2\/pages\/67\/revisions"}],"wp:attachment":[{"href":"https:\/\/cenabetguncel.com\/tr\/wp-json\/wp\/v2\/media?parent=67"}],"curies":[{"name":"wp","href":"https:\/\/api.w.org\/{rel}","templated":true}]}}