{"id":33,"date":"2024-07-29T18:35:12","date_gmt":"2024-07-29T18:35:12","guid":{"rendered":"https:\/\/cenabetguncel.com\/?page_id=33"},"modified":"2024-07-29T18:35:12","modified_gmt":"2024-07-29T18:35:12","slug":"cenabet-guncel-giris","status":"publish","type":"page","link":"https:\/\/cenabetguncel.com\/tr\/cenabet-guncel-giris\/","title":{"rendered":"Cenabet G\u00fcncel Giri\u015f"},"content":{"rendered":"<p>Cenabet g\u00fcncel giri\u015f bilgisi siteye eri\u015fim sa\u011flayabilmek i\u00e7in s\u0131k s\u0131k takip etmeniz gereken bir bilgidir. \u00c7\u00fcnk\u00fc site yabanc\u0131 platformlardan biridir. Yabanc\u0131 oldu\u011fu i\u00e7in de platformun adreslerinde de\u011fi\u015fiklikler olmas\u0131 olduk\u00e7a normal kar\u015f\u0131lan\u0131r. \u00d6zellikle deneyimli bahis\u00e7iler platformun adreslerinin de\u011fi\u015fmesi kar\u015f\u0131s\u0131nda hi\u00e7bir panik ya\u015famaz. B\u00f6yle durumlarda Cenabet g\u00fcncel giri\u015f adreslerini nereden bulabileceklerini bilebilirler.<\/p>\n<p>Sitenin adreslerinin de\u011fi\u015fmesinin bir\u00e7ok \u00f6nemli nedeni vard\u0131r. Bunlardan en \u00f6nemlisi de platformun yabanc\u0131 olmas\u0131d\u0131r. Bahis oynatmak ve oynamak T\u00fcrkiye&#8217;de yasal \u00e7er\u00e7evede yasak olan durumlardan biridir. Bu hizmeti yaln\u0131zca izini siteler verebilir. Cenabet yabanc\u0131 bir platform olmas\u0131na kar\u015f\u0131n g\u00fcvenilir altyap\u0131s\u0131 sayesinde ba\u015far\u0131l\u0131 bahis hizmeti veren bir platformdur. Ancak her yabanc\u0131 sitede oldu\u011fu gibi adreslerin de\u011fi\u015fiyor olmas\u0131 \u00f6n\u00fcne ge\u00e7ilemez bir sorundur. Ancak deneyimli bahis\u00e7iler i\u00e7in bu durum sorun olmaktan \u00e7\u0131km\u0131\u015f konular aras\u0131ndad\u0131r.<\/p>\n<p>&nbsp;<\/p>\n<h2>Cenabet G\u00fcncel Giri\u015f Adresi Nas\u0131l Bulunur?<\/h2>\n<p>Cenabet bahis sitesinin g\u00fcncel giri\u015f adreslerini bulmak i\u00e7in farkl\u0131 platformlar\u0131 deneyebilirsiniz. G\u00fcn\u00fcm\u00fczde bir\u00e7ok platform \u00fczerinden bu sitenin adresleri yay\u0131nlan\u0131r. \u00d6ncelikle Cenabet g\u00fcncel giri\u015f bilgisi de\u011fi\u015fti\u011fi takdirde \u00fcyelere SMS veya mail yoluyla anl\u0131k bilgilendirme g\u00f6nderilir. Bununla birlikte sosyal kanallar \u00fczerinden payla\u015f\u0131m yap\u0131larak herkesin h\u0131zl\u0131 bir \u015fekilde haberdar olmas\u0131 sa\u011flan\u0131r. Cenabet g\u00fcncel giri\u015f adresi bulma konusunda \u015fu yollar\u0131 deneyebilirsiniz:<\/p>\n<ul>\n<li>Twitter resmi sayfas\u0131na girerek ana sayfas\u0131ndan g\u00fcncel giri\u015f adresini bulabilirsiniz.<\/li>\n<li>Telegram payla\u015f\u0131m kanal\u0131n\u0131n profilinden g\u00fcncel adresleri bulabilirsiniz.<\/li>\n<li>WhatsApp \u00fczerinden site personellerine g\u00fcncel giri\u015f adresini sorabilirsiniz.<\/li>\n<li>S\u00f6zl\u00fck ve forum sayfalar\u0131ndan payla\u015f\u0131lan bilgiler do\u011frultusunda yeni adreslere ula\u015fabilirsiniz.<\/li>\n<li>Sitenin resmi mail adreslerine mail g\u00f6ndererek g\u00fcncel adresi hakk\u0131nda bilgi edinebilirsiniz.<\/li>\n<\/ul>\n<p>Bu y\u00f6nergeler do\u011frultusunda Cenabet g\u00fcncel giri\u015f konusunda bilgi edinmeniz m\u00fcmk\u00fcnd\u00fcr. Bununla birlikte giri\u015f i\u015flemlerinizi yapabilmek i\u00e7in belirli bilgilere de ihtiyac\u0131n\u0131z bulunur. Bahis ve casino sitesi son derece profesyoneldir ve her \u015feyden \u00f6nemlisi sizlere en iyi standartlarda oyun deneyimi sunar.<\/p>\n<p>&nbsp;<\/p>\n<p><img loading=\"lazy\" decoding=\"async\" class=\"alignnone wp-image-34 size-full\" src=\"https:\/\/cenabetguncel.com\/wp-content\/uploads\/2024\/07\/cenabet-guncel-giris.jpg\" alt=\"\" width=\"720\" height=\"240\" srcset=\"https:\/\/cenabetguncel.com\/tr\/wp-content\/uploads\/2024\/07\/cenabet-guncel-giris.jpg 720w, https:\/\/cenabetguncel.com\/tr\/wp-content\/uploads\/2024\/07\/cenabet-guncel-giris-300x100.jpg 300w\" sizes=\"auto, (max-width: 720px) 100vw, 720px\" \/><\/p>\n<h3>Cenabet G\u00fcncel Giri\u015f Nas\u0131l Yap\u0131l\u0131r?<\/h3>\n<p>Cenabet bahis sitesine girebilmek i\u00e7in g\u00fcncel giri\u015f adresleri her zaman takip edilmelidir. Bu adresler bazen g\u00fcn a\u015f\u0131r\u0131 bazen haftada bir olmak \u00fczere de\u011fi\u015febilir. Ancak s\u0131k s\u0131k de\u011fi\u015fti\u011fini s\u00f6ylemek m\u00fcmk\u00fcnd\u00fcr. Cenabet g\u00fcncel giri\u015f adresleri hakk\u0131nda bilgi sahibi oldu\u011funuz takdirde eri\u015fim problemleri ya\u015famazs\u0131n\u0131z. Bahis ve casino sitesine giri\u015f yapabilmek i\u00e7in de yeni adresleri bilmeniz gerekir.<\/p>\n<p>Cenabet g\u00fcncel giri\u015f nas\u0131l yap\u0131l\u0131r sorusunun yan\u0131t\u0131 \u015fu \u015fekildedir:<\/p>\n<ol>\n<li>\u0130lk olarak sitenin g\u00fcncellenmi\u015f olan adreslerini ara\u015ft\u0131rarak bulmal\u0131s\u0131n\u0131z. Sitenin aktif \u00fcyesi iseniz bu bilgi genellikle site y\u00f6netimi taraf\u0131ndan sizlere ula\u015ft\u0131r\u0131l\u0131r.<\/li>\n<li>Bahis sitesinin \u00fcyesi oldu\u011funuz takdirde ana sayfa \u00fczerinde bulunan \u201c\u00fcye giri\u015fi\u201d k\u0131sm\u0131ndan giri\u015f i\u015fleminizi yapabilirsiniz.<\/li>\n<li>Bu k\u0131sm\u0131 t\u0131klad\u0131\u011f\u0131n\u0131zda kar\u015f\u0131n\u0131za \u201ckullan\u0131c\u0131 ad\u0131\u201d ve \u201c\u015fifre\u201d yazman\u0131z gereken alan \u00e7\u0131kar.<\/li>\n<li>Bilgileri yazd\u0131ktan sonra giri\u015f k\u0131sm\u0131na t\u0131klayarak bahis sitesine \u00fcye giri\u015finizi yapabilirsiniz.<\/li>\n<li>Cenabet g\u00fcncel giri\u015f sonras\u0131nda e\u011fer oyunlara kat\u0131lmak istiyorsan\u0131z para yat\u0131rma i\u015flemi yapman\u0131z gerekir.<\/li>\n<\/ol>\n<p>&nbsp;<\/p>\n<h3>Cenabet Giri\u015f Sorunlar\u0131<\/h3>\n<p>Cenabet g\u00fcncel giri\u015f konusunda ki\u015filer birtak\u0131m sorunlar ya\u015fayabilirler. Adreslerin s\u0131k s\u0131k de\u011fi\u015fmesi eri\u015fim problemlerine sebebiyet verebilecek en \u00f6nemli nedenlerden biridir. Ancak bununla birlikte farkl\u0131 sorunlardan kaynakl\u0131 olarak da bahis sitesinde giri\u015f problemleri ile kar\u015f\u0131la\u015fabilirsiniz. E\u011fer \u00fcyeli\u011finiz aktif edilmemi\u015fse eri\u015fim sa\u011flayamazs\u0131n\u0131z. Bununla birlikte \u00fcye olman\u0131za kar\u015f\u0131n hesab\u0131n\u0131z dondurulduysa veya site y\u00f6netimi taraf\u0131ndan silindiyse yine siteye eri\u015fim \u015fans\u0131n\u0131z bulunmaz.<\/p>\n<p>\u0130nternetinizin yeterli olmamas\u0131 veya taray\u0131c\u0131n\u0131zda meydana gelen birtak\u0131m sorunlar nedeniyle eri\u015fim problemleri ile kar\u015f\u0131la\u015fabilirsiniz. T\u00fcm bu sorunlar neticesinde platforma eri\u015fim sorunlar\u0131 ya\u015famak m\u00fcmk\u00fcnd\u00fcr. K\u0131sacas\u0131 zaman zaman site kaynakl\u0131 olarak ya\u015fanan giri\u015f problemleri siteden kaynaklanabilece\u011fi gibi kullan\u0131c\u0131lardan da kaynaklanabilir. Bu konuda canl\u0131 destek hizmeti alabilirsiniz.t<\/p>\n","protected":false},"excerpt":{"rendered":"<p>Cenabet g\u00fcncel giri\u015f bilgisi siteye eri\u015fim sa\u011flayabilmek i\u00e7in s\u0131k s\u0131k takip etmeniz gereken bir bilgidir. \u00c7\u00fcnk\u00fc site yabanc\u0131 platformlardan biridir. Yabanc\u0131 oldu\u011fu i\u00e7in de platformun adreslerinde de\u011fi\u015fiklikler olmas\u0131 olduk\u00e7a normal kar\u015f\u0131lan\u0131r. \u00d6zellikle deneyimli bahis\u00e7iler platformun adreslerinin de\u011fi\u015fmesi kar\u015f\u0131s\u0131nda hi\u00e7bir panik ya\u015famaz. B\u00f6yle durumlarda Cenabet g\u00fcncel giri\u015f adreslerini nereden bulabileceklerini bilebilirler. Sitenin adreslerinin de\u011fi\u015fmesinin bir\u00e7ok \u00f6nemli &hellip;<\/p>\n","protected":false},"author":1,"featured_media":35,"parent":0,"menu_order":0,"comment_status":"closed","ping_status":"closed","template":"","meta":{"footnotes":""},"class_list":["post-33","page","type-page","status-publish","has-post-thumbnail",""],"yoast_head":"<!-- This site is optimized with the Yoast SEO plugin v27.0 - https:\/\/yoast.com\/product\/yoast-seo-wordpress\/ -->\n<title>Cenabet G\u00fcncel Giri\u015f<\/title>\n<meta name=\"robots\" content=\"index, follow, max-snippet:-1, max-image-preview:large, max-video-preview:-1\" \/>\n<link rel=\"canonical\" href=\"https:\/\/cenabetguncel.com\/tr\/cenabet-guncel-giris\/\" \/>\n<meta property=\"og:locale\" content=\"tr_TR\" \/>\n<meta property=\"og:type\" content=\"article\" \/>\n<meta property=\"og:title\" content=\"Cenabet G\u00fcncel Giri\u015f\" \/>\n<meta property=\"og:description\" content=\"Cenabet g\u00fcncel giri\u015f bilgisi siteye eri\u015fim sa\u011flayabilmek i\u00e7in s\u0131k s\u0131k takip etmeniz gereken bir bilgidir. \u00c7\u00fcnk\u00fc site yabanc\u0131 platformlardan biridir. Yabanc\u0131 oldu\u011fu i\u00e7in de platformun adreslerinde de\u011fi\u015fiklikler olmas\u0131 olduk\u00e7a normal kar\u015f\u0131lan\u0131r. \u00d6zellikle deneyimli bahis\u00e7iler platformun adreslerinin de\u011fi\u015fmesi kar\u015f\u0131s\u0131nda hi\u00e7bir panik ya\u015famaz. B\u00f6yle durumlarda Cenabet g\u00fcncel giri\u015f adreslerini nereden bulabileceklerini bilebilirler. Sitenin adreslerinin de\u011fi\u015fmesinin bir\u00e7ok \u00f6nemli &hellip;\" \/>\n<meta property=\"og:url\" content=\"https:\/\/cenabetguncel.com\/tr\/cenabet-guncel-giris\/\" \/>\n<meta property=\"og:site_name\" content=\"Cenabet G\u00fcncel Giri\u015f\" \/>\n<meta property=\"og:image\" content=\"https:\/\/i0.wp.com\/cenabetguncel.com\/tr\/wp-content\/uploads\/2024\/07\/cenabet-guncel-giris2.jpg?fit=720%2C720&ssl=1\" \/>\n\t<meta property=\"og:image:width\" content=\"720\" \/>\n\t<meta property=\"og:image:height\" content=\"720\" \/>\n\t<meta property=\"og:image:type\" content=\"image\/jpeg\" \/>\n<meta name=\"twitter:card\" content=\"summary_large_image\" \/>\n<meta name=\"twitter:site\" content=\"@Cenabetcom\" \/>\n<meta name=\"twitter:label1\" content=\"Tahmini okuma s\u00fcresi\" \/>\n\t<meta name=\"twitter:data1\" content=\"4 dakika\" \/>\n<script type=\"application\/ld+json\" class=\"yoast-schema-graph\">{\"@context\":\"https:\/\/schema.org\",\"@graph\":[{\"@type\":\"WebPage\",\"@id\":\"https:\/\/cenabetguncel.com\/tr\/cenabet-guncel-giris\/\",\"url\":\"https:\/\/cenabetguncel.com\/tr\/cenabet-guncel-giris\/\",\"name\":\"Cenabet G\u00fcncel Giri\u015f\",\"isPartOf\":{\"@id\":\"https:\/\/cenabetguncel.com\/tr\/#website\"},\"primaryImageOfPage\":{\"@id\":\"https:\/\/cenabetguncel.com\/tr\/cenabet-guncel-giris\/#primaryimage\"},\"image\":{\"@id\":\"https:\/\/cenabetguncel.com\/tr\/cenabet-guncel-giris\/#primaryimage\"},\"thumbnailUrl\":\"https:\/\/cenabetguncel.com\/tr\/wp-content\/uploads\/2024\/07\/cenabet-guncel-giris2.jpg\",\"datePublished\":\"2024-07-29T18:35:12+00:00\",\"breadcrumb\":{\"@id\":\"https:\/\/cenabetguncel.com\/tr\/cenabet-guncel-giris\/#breadcrumb\"},\"inLanguage\":\"tr\",\"potentialAction\":[{\"@type\":\"ReadAction\",\"target\":[\"https:\/\/cenabetguncel.com\/tr\/cenabet-guncel-giris\/\"]}]},{\"@type\":\"ImageObject\",\"inLanguage\":\"tr\",\"@id\":\"https:\/\/cenabetguncel.com\/tr\/cenabet-guncel-giris\/#primaryimage\",\"url\":\"https:\/\/cenabetguncel.com\/tr\/wp-content\/uploads\/2024\/07\/cenabet-guncel-giris2.jpg\",\"contentUrl\":\"https:\/\/cenabetguncel.com\/tr\/wp-content\/uploads\/2024\/07\/cenabet-guncel-giris2.jpg\",\"width\":720,\"height\":720},{\"@type\":\"BreadcrumbList\",\"@id\":\"https:\/\/cenabetguncel.com\/tr\/cenabet-guncel-giris\/#breadcrumb\",\"itemListElement\":[{\"@type\":\"ListItem\",\"position\":1,\"name\":\"Anasayfa\",\"item\":\"https:\/\/cenabetguncel.com\/tr\/\"},{\"@type\":\"ListItem\",\"position\":2,\"name\":\"Cenabet G\u00fcncel Giri\u015f\"}]},{\"@type\":\"WebSite\",\"@id\":\"https:\/\/cenabetguncel.com\/tr\/#website\",\"url\":\"https:\/\/cenabetguncel.com\/tr\/\",\"name\":\"Cenabet G\u00fcncel Giri\u015f\",\"description\":\"\",\"publisher\":{\"@id\":\"https:\/\/cenabetguncel.com\/tr\/#organization\"},\"alternateName\":\"Cenabet Giri\u015f\",\"potentialAction\":[{\"@type\":\"SearchAction\",\"target\":{\"@type\":\"EntryPoint\",\"urlTemplate\":\"https:\/\/cenabetguncel.com\/tr\/?s={search_term_string}\"},\"query-input\":{\"@type\":\"PropertyValueSpecification\",\"valueRequired\":true,\"valueName\":\"search_term_string\"}}],\"inLanguage\":\"tr\"},{\"@type\":\"Organization\",\"@id\":\"https:\/\/cenabetguncel.com\/tr\/#organization\",\"name\":\"Cenabet G\u00fcncel Giri\u015f\",\"alternateName\":\"Cenabet\",\"url\":\"https:\/\/cenabetguncel.com\/tr\/\",\"logo\":{\"@type\":\"ImageObject\",\"inLanguage\":\"tr\",\"@id\":\"https:\/\/cenabetguncel.com\/tr\/#\/schema\/logo\/image\/\",\"url\":\"https:\/\/cenabetguncel.com\/wp-content\/uploads\/2024\/07\/CenaBetLogoK.webp\",\"contentUrl\":\"https:\/\/cenabetguncel.com\/wp-content\/uploads\/2024\/07\/CenaBetLogoK.webp\",\"width\":696,\"height\":696,\"caption\":\"Cenabet G\u00fcncel Giri\u015f\"},\"image\":{\"@id\":\"https:\/\/cenabetguncel.com\/tr\/#\/schema\/logo\/image\/\"},\"sameAs\":[\"https:\/\/x.com\/Cenabetcom\",\"https:\/\/www.instagram.com\/cenabetofficial\/\"]}]}<\/script>\n<!-- \/ Yoast SEO plugin. -->","yoast_head_json":{"title":"Cenabet G\u00fcncel Giri\u015f","robots":{"index":"index","follow":"follow","max-snippet":"max-snippet:-1","max-image-preview":"max-image-preview:large","max-video-preview":"max-video-preview:-1"},"canonical":"https:\/\/cenabetguncel.com\/tr\/cenabet-guncel-giris\/","og_locale":"tr_TR","og_type":"article","og_title":"Cenabet G\u00fcncel Giri\u015f","og_description":"Cenabet g\u00fcncel giri\u015f bilgisi siteye eri\u015fim sa\u011flayabilmek i\u00e7in s\u0131k s\u0131k takip etmeniz gereken bir bilgidir. \u00c7\u00fcnk\u00fc site yabanc\u0131 platformlardan biridir. Yabanc\u0131 oldu\u011fu i\u00e7in de platformun adreslerinde de\u011fi\u015fiklikler olmas\u0131 olduk\u00e7a normal kar\u015f\u0131lan\u0131r. \u00d6zellikle deneyimli bahis\u00e7iler platformun adreslerinin de\u011fi\u015fmesi kar\u015f\u0131s\u0131nda hi\u00e7bir panik ya\u015famaz. B\u00f6yle durumlarda Cenabet g\u00fcncel giri\u015f adreslerini nereden bulabileceklerini bilebilirler. Sitenin adreslerinin de\u011fi\u015fmesinin bir\u00e7ok \u00f6nemli &hellip;","og_url":"https:\/\/cenabetguncel.com\/tr\/cenabet-guncel-giris\/","og_site_name":"Cenabet G\u00fcncel Giri\u015f","og_image":[{"width":720,"height":720,"url":"https:\/\/i0.wp.com\/cenabetguncel.com\/tr\/wp-content\/uploads\/2024\/07\/cenabet-guncel-giris2.jpg?fit=720%2C720&ssl=1","type":"image\/jpeg"}],"twitter_card":"summary_large_image","twitter_site":"@Cenabetcom","twitter_misc":{"Tahmini okuma s\u00fcresi":"4 dakika"},"schema":{"@context":"https:\/\/schema.org","@graph":[{"@type":"WebPage","@id":"https:\/\/cenabetguncel.com\/tr\/cenabet-guncel-giris\/","url":"https:\/\/cenabetguncel.com\/tr\/cenabet-guncel-giris\/","name":"Cenabet G\u00fcncel Giri\u015f","isPartOf":{"@id":"https:\/\/cenabetguncel.com\/tr\/#website"},"primaryImageOfPage":{"@id":"https:\/\/cenabetguncel.com\/tr\/cenabet-guncel-giris\/#primaryimage"},"image":{"@id":"https:\/\/cenabetguncel.com\/tr\/cenabet-guncel-giris\/#primaryimage"},"thumbnailUrl":"https:\/\/cenabetguncel.com\/tr\/wp-content\/uploads\/2024\/07\/cenabet-guncel-giris2.jpg","datePublished":"2024-07-29T18:35:12+00:00","breadcrumb":{"@id":"https:\/\/cenabetguncel.com\/tr\/cenabet-guncel-giris\/#breadcrumb"},"inLanguage":"tr","potentialAction":[{"@type":"ReadAction","target":["https:\/\/cenabetguncel.com\/tr\/cenabet-guncel-giris\/"]}]},{"@type":"ImageObject","inLanguage":"tr","@id":"https:\/\/cenabetguncel.com\/tr\/cenabet-guncel-giris\/#primaryimage","url":"https:\/\/cenabetguncel.com\/tr\/wp-content\/uploads\/2024\/07\/cenabet-guncel-giris2.jpg","contentUrl":"https:\/\/cenabetguncel.com\/tr\/wp-content\/uploads\/2024\/07\/cenabet-guncel-giris2.jpg","width":720,"height":720},{"@type":"BreadcrumbList","@id":"https:\/\/cenabetguncel.com\/tr\/cenabet-guncel-giris\/#breadcrumb","itemListElement":[{"@type":"ListItem","position":1,"name":"Anasayfa","item":"https:\/\/cenabetguncel.com\/tr\/"},{"@type":"ListItem","position":2,"name":"Cenabet G\u00fcncel Giri\u015f"}]},{"@type":"WebSite","@id":"https:\/\/cenabetguncel.com\/tr\/#website","url":"https:\/\/cenabetguncel.com\/tr\/","name":"Cenabet G\u00fcncel Giri\u015f","description":"","publisher":{"@id":"https:\/\/cenabetguncel.com\/tr\/#organization"},"alternateName":"Cenabet Giri\u015f","potentialAction":[{"@type":"SearchAction","target":{"@type":"EntryPoint","urlTemplate":"https:\/\/cenabetguncel.com\/tr\/?s={search_term_string}"},"query-input":{"@type":"PropertyValueSpecification","valueRequired":true,"valueName":"search_term_string"}}],"inLanguage":"tr"},{"@type":"Organization","@id":"https:\/\/cenabetguncel.com\/tr\/#organization","name":"Cenabet G\u00fcncel Giri\u015f","alternateName":"Cenabet","url":"https:\/\/cenabetguncel.com\/tr\/","logo":{"@type":"ImageObject","inLanguage":"tr","@id":"https:\/\/cenabetguncel.com\/tr\/#\/schema\/logo\/image\/","url":"https:\/\/cenabetguncel.com\/wp-content\/uploads\/2024\/07\/CenaBetLogoK.webp","contentUrl":"https:\/\/cenabetguncel.com\/wp-content\/uploads\/2024\/07\/CenaBetLogoK.webp","width":696,"height":696,"caption":"Cenabet G\u00fcncel Giri\u015f"},"image":{"@id":"https:\/\/cenabetguncel.com\/tr\/#\/schema\/logo\/image\/"},"sameAs":["https:\/\/x.com\/Cenabetcom","https:\/\/www.instagram.com\/cenabetofficial\/"]}]}},"_links":{"self":[{"href":"https:\/\/cenabetguncel.com\/tr\/wp-json\/wp\/v2\/pages\/33","targetHints":{"allow":["GET"]}}],"collection":[{"href":"https:\/\/cenabetguncel.com\/tr\/wp-json\/wp\/v2\/pages"}],"about":[{"href":"https:\/\/cenabetguncel.com\/tr\/wp-json\/wp\/v2\/types\/page"}],"author":[{"embeddable":true,"href":"https:\/\/cenabetguncel.com\/tr\/wp-json\/wp\/v2\/users\/1"}],"replies":[{"embeddable":true,"href":"https:\/\/cenabetguncel.com\/tr\/wp-json\/wp\/v2\/comments?post=33"}],"version-history":[{"count":1,"href":"https:\/\/cenabetguncel.com\/tr\/wp-json\/wp\/v2\/pages\/33\/revisions"}],"predecessor-version":[{"id":36,"href":"https:\/\/cenabetguncel.com\/tr\/wp-json\/wp\/v2\/pages\/33\/revisions\/36"}],"wp:featuredmedia":[{"embeddable":true,"href":"https:\/\/cenabetguncel.com\/tr\/wp-json\/wp\/v2\/media\/35"}],"wp:attachment":[{"href":"https:\/\/cenabetguncel.com\/tr\/wp-json\/wp\/v2\/media?parent=33"}],"curies":[{"name":"wp","href":"https:\/\/api.w.org\/{rel}","templated":true}]}}